{"id":13,"date":"2024-02-11T11:34:07","date_gmt":"2024-02-11T11:34:07","guid":{"rendered":"https:\/\/karademircizel.com\/?page_id=13"},"modified":"2025-02-21T15:57:31","modified_gmt":"2025-02-21T15:57:31","slug":"home","status":"publish","type":"page","link":"https:\/\/karademircizel.com\/","title":{"rendered":""},"content":{"rendered":"\n<div class=\"wp-block-group\"><div class=\"wp-block-group__inner-container is-layout-constrained wp-block-group-is-layout-constrained\">\n<div class=\"wp-block-group\"><div class=\"wp-block-group__inner-container is-layout-constrained wp-block-group-is-layout-constrained\">\n<details class=\"wp-block-details has-small-font-size is-layout-flow wp-container-core-details-is-layout-27559c3a wp-block-details-is-layout-flow\" style=\"padding-top:var(--wp--preset--spacing--30);padding-right:var(--wp--preset--spacing--20);padding-bottom:var(--wp--preset--spacing--30);padding-left:var(--wp--preset--spacing--20);text-decoration:none\"><summary><\/summary>\n<p><\/p>\n<\/details>\n<\/div><\/div>\n\n\n\n<div class=\"wp-block-cover has-custom-content-position is-position-top-center is-light hestia-clear-top-padding\" style=\"min-height:848px;aspect-ratio:unset;\"><span aria-hidden=\"true\" class=\"wp-block-cover__background has-white-background-color has-background-dim-100 has-background-dim\"><\/span><div class=\"wp-block-cover__inner-container is-layout-flow wp-block-cover-is-layout-flow\">\n<p class=\"has-text-align-center has-accent-color has-text-color has-link-color has-medium-font-size wp-elements-7cc72725ad5ea0863f012b67a1000f02\"><strong>Hakk\u0131m\u0131zda<\/strong><\/p>\n\n\n\n<div class=\"wp-block-group is-vertical is-layout-flex wp-container-core-group-is-layout-fe9cc265 wp-block-group-is-layout-flex\">\n<p class=\"has-text-align-center has-small-font-size\" style=\"padding-top:0;padding-right:var(--wp--preset--spacing--40);padding-bottom:0;padding-left:var(--wp--preset--spacing--40)\">Karademir &amp; \u00c7izel olarak \u0130stanbul merkezli hukuk b\u00fcromuzda yerli ve yabanc\u0131 m\u00fcvekkillerimize farkl\u0131 sekt\u00f6rlerde ihtiya\u00e7lar\u0131na \u00f6zel, kapsaml\u0131 ve uygulanabilir hukuki \u00e7\u00f6z\u00fcmler sunuyoruz. M\u00fcvekkillerimizin her birinin ihtiya\u00e7lar\u0131n\u0131n benzersiz oldu\u011funun bilinciyle, her projeyi detayl\u0131 bir \u015fekilde analiz ederek, sekt\u00f6rel dinamiklere uygun ve s\u00fcrd\u00fcr\u00fclebilir stratejiler geli\u015ftirmeyi hedefliyoruz. \u00c7al\u0131\u015fma yakla\u015f\u0131m\u0131m\u0131zda, h\u0131zla de\u011fi\u015fen ihtiya\u00e7lara yan\u0131t verebilme kabiliyetimizin, hem m\u00fcvekkillerimizin menfaatlerini korumada hem de projelerine de\u011fer katmada belirleyici bir unsur oldu\u011funa inan\u0131yoruz. Hizmetlerimizi sunarken her zaman sonu\u00e7 odakl\u0131, ula\u015f\u0131labilir ve proaktif bir anlay\u0131\u015fla hareket ediyoruz. Kalite standartlar\u0131m\u0131zdan \u00f6d\u00fcn vermeden, her ko\u015fulda profesyonellikten taviz vermeyen bir yakla\u015f\u0131m\u0131 benimsemek, temel ilkemizdir. Karademir &amp; \u00c7izel olarak, hukuki destekten \u00e7ok daha fazlas\u0131n\u0131 sunarak m\u00fcvekkillerimizin g\u00fcvenilir \u00e7\u00f6z\u00fcm orta\u011f\u0131 olmay\u0131 ama\u00e7l\u0131yoruz.<\/p>\n<\/div>\n\n\n\n<h2 class=\"wp-block-heading has-text-align-center has-accent-color has-text-color has-medium-font-size\" id=\"our-team\">Kurucu Ortaklar\u0131m\u0131z<\/h2>\n\n\n\n<div style=\"height:0px\" aria-hidden=\"true\" class=\"wp-block-spacer\"><\/div>\n\n\n\n<div class=\"wp-block-columns container is-layout-flex wp-container-core-columns-is-layout-28f84493 wp-block-columns-is-layout-flex\">\n<div class=\"wp-block-column is-vertically-aligned-stretch is-layout-flow wp-block-column-is-layout-flow\">\n<figure class=\"wp-block-gallery aligncenter has-nested-images columns-default is-cropped wp-block-gallery-1 is-layout-flex wp-block-gallery-is-layout-flex\">\n<figure class=\"wp-block-image size-large\"><img loading=\"lazy\" decoding=\"async\" width=\"1024\" height=\"1024\" data-id=\"549\" src=\"https:\/\/karademircizel.com\/wp-content\/uploads\/2025\/02\/SITE-FOTO.jpg\" alt=\"\" class=\"wp-image-549\" srcset=\"https:\/\/karademircizel.com\/wp-content\/uploads\/2025\/02\/SITE-FOTO.jpg 1024w, https:\/\/karademircizel.com\/wp-content\/uploads\/2025\/02\/SITE-FOTO-300x300.jpg 300w, https:\/\/karademircizel.com\/wp-content\/uploads\/2025\/02\/SITE-FOTO-150x150.jpg 150w, https:\/\/karademircizel.com\/wp-content\/uploads\/2025\/02\/SITE-FOTO-768x768.jpg 768w\" sizes=\"auto, (max-width: 1024px) 100vw, 1024px\" \/><\/figure>\n<\/figure>\n\n\n\n<h5 class=\"wp-block-heading has-text-align-center has-accent-color has-text-color\" style=\"font-size:18px\">Av. Beg\u00fcm \u00c7\u0130ZEL<\/h5>\n\n\n\n<div class=\"wp-block-columns is-layout-flex wp-container-core-columns-is-layout-28f84493 wp-block-columns-is-layout-flex\">\n<div class=\"wp-block-column is-layout-flow wp-block-column-is-layout-flow\" style=\"flex-basis:100%\">\n<p class=\"has-text-align-center has-white-color has-accent-background-color has-text-color has-background\" style=\"font-size:13px;font-style:italic;font-weight:400\">Avukat Beg\u00fcm \u00c7izel, 2019 y\u0131l\u0131nda \u00d6zye\u011fin \u00dcniversitesi Hukuk Fak\u00fcltesi\u2019nden onur derecesiyle mezun olduktan sonra T\u00fcrkiye\u2019nin \u00f6nde gelen bankalar\u0131ndan birinde yasal staj\u0131n\u0131 tamamlam\u0131\u015f ve iki farkl\u0131 se\u00e7kin bankada k\u0131demli avukat ve m\u00fc\u015favir avukat olarak mesle\u011fini icra etmi\u015ftir. S\u00f6zle\u015fmeler, Ticaret, Bankac\u0131l\u0131k, \u015eirketler, Sermaye Piyasas\u0131, Bor\u00e7lar, \u0130cra\/\u0130flas hukuku ile pek \u00e7ok hukuk alan\u0131ndaki yo\u011fun \u00e7al\u0131\u015fmalar\u0131yla uzmanl\u0131\u011f\u0131n\u0131 peki\u015ftiren ve ileri d\u00fczeyde \u0130ngilizce bilen \u00c7izel, profesyonel i\u015f hayat\u0131n\u0131n yan\u0131 s\u0131ra Bah\u00e7e\u015fehir \u00dcniversitesi Sermaye Piyasalar\u0131 ve Ticaret Hukuku Tezli Y\u00fcksek Lisans program\u0131nda e\u011fitimine  devam etmektedir.<\/p>\n<\/div>\n<\/div>\n\n\n\n<div style=\"height:25px\" aria-hidden=\"true\" class=\"wp-block-spacer\"><\/div>\n<\/div>\n\n\n\n<div class=\"wp-block-column is-vertically-aligned-stretch is-layout-flow wp-block-column-is-layout-flow\">\n<figure class=\"wp-block-gallery aligncenter has-nested-images columns-default is-cropped wp-block-gallery-2 is-layout-flex wp-block-gallery-is-layout-flex\">\n<figure class=\"wp-block-image size-large\"><img loading=\"lazy\" decoding=\"async\" width=\"2560\" height=\"2560\" data-id=\"509\" src=\"https:\/\/karademircizel.com\/wp-content\/uploads\/2024\/02\/IMG_7284-1-edited-scaled.jpg\" alt=\"\" class=\"wp-image-509\" srcset=\"https:\/\/karademircizel.com\/wp-content\/uploads\/2024\/02\/IMG_7284-1-edited-scaled.jpg 2560w, https:\/\/karademircizel.com\/wp-content\/uploads\/2024\/02\/IMG_7284-1-edited-300x300.jpg 300w, https:\/\/karademircizel.com\/wp-content\/uploads\/2024\/02\/IMG_7284-1-edited-1024x1024.jpg 1024w, https:\/\/karademircizel.com\/wp-content\/uploads\/2024\/02\/IMG_7284-1-edited-150x150.jpg 150w, https:\/\/karademircizel.com\/wp-content\/uploads\/2024\/02\/IMG_7284-1-edited-768x768.jpg 768w, https:\/\/karademircizel.com\/wp-content\/uploads\/2024\/02\/IMG_7284-1-edited-1536x1536.jpg 1536w, https:\/\/karademircizel.com\/wp-content\/uploads\/2024\/02\/IMG_7284-1-edited-2048x2048.jpg 2048w\" sizes=\"auto, (max-width: 2560px) 100vw, 2560px\" \/><\/figure>\n<\/figure>\n\n\n\n<h5 class=\"wp-block-heading has-text-align-center has-accent-color has-text-color\" style=\"font-size:18px\">Av. Yasemin KARADEM\u0130R<\/h5>\n\n\n\n<div class=\"wp-block-columns is-layout-flex wp-container-core-columns-is-layout-28f84493 wp-block-columns-is-layout-flex\">\n<div class=\"wp-block-column is-layout-flow wp-block-column-is-layout-flow\" style=\"flex-basis:100%\">\n<p class=\"has-text-align-center has-white-color has-accent-background-color has-text-color has-background has-link-color wp-elements-edcbd2033a05ed52906ac0ae31dd305e\" style=\"font-size:13px;font-style:italic;font-weight:400\">Avukat Yasemin Karademir, 2019 y\u0131l\u0131nda \u0130stanbul \u00dcniversitesi Hukuk Fak\u00fcltesi&#8217;nden mezun olduktan sonra sayg\u0131n bir hukuk b\u00fcrosunda yasal staj\u0131n\u0131 tamamlam\u0131\u015f ve ard\u0131ndan alan\u0131nda \u00f6nde gelen hukuk\u00e7ular\u0131n \u00e7al\u0131\u015ft\u0131\u011f\u0131 sayg\u0131n bir hukuk b\u00fcrosunda avukat olarak kariyerine devam etmi\u015ftir. Kat M\u00fclkiyeti, Gayrimenkul, Kentsel D\u00f6n\u00fc\u015f\u00fcm, Kira, Miras, Aile ve \u0130\u015f Hukuku ba\u015fta olmak \u00fczere pek \u00e7ok \u00f6zel hukuk alan\u0131ndaki yo\u011fun \u00e7al\u0131\u015fmalar\u0131yla uzmanl\u0131\u011f\u0131n\u0131 peki\u015ftiren ve ileri d\u00fczeyden \u0130ngilizce bilen Karademir, ayr\u0131ca \u0130stanbul \u00dcniversitesi Gayrimenkul ve \u0130n\u015faat Hukuku Y\u00fcksek Lisans program\u0131nda e\u011fitimine devam etmektedir.<\/p>\n<\/div>\n<\/div>\n<\/div>\n<\/div>\n\n\n\n<div style=\"height:40px\" aria-hidden=\"true\" class=\"wp-block-spacer\"><\/div>\n<\/div><\/div>\n<\/div><\/div>\n","protected":false},"excerpt":{"rendered":"","protected":false},"author":1,"featured_media":0,"parent":0,"menu_order":0,"comment_status":"closed","ping_status":"closed","template":"","meta":{"footnotes":""},"class_list":["post-13","page","type-page","status-publish","hentry"],"_links":{"self":[{"href":"https:\/\/karademircizel.com\/index.php\/wp-json\/wp\/v2\/pages\/13","targetHints":{"allow":["GET"]}}],"collection":[{"href":"https:\/\/karademircizel.com\/index.php\/wp-json\/wp\/v2\/pages"}],"about":[{"href":"https:\/\/karademircizel.com\/index.php\/wp-json\/wp\/v2\/types\/page"}],"author":[{"embeddable":true,"href":"https:\/\/karademircizel.com\/index.php\/wp-json\/wp\/v2\/users\/1"}],"replies":[{"embeddable":true,"href":"https:\/\/karademircizel.com\/index.php\/wp-json\/wp\/v2\/comments?post=13"}],"version-history":[{"count":82,"href":"https:\/\/karademircizel.com\/index.php\/wp-json\/wp\/v2\/pages\/13\/revisions"}],"predecessor-version":[{"id":563,"href":"https:\/\/karademircizel.com\/index.php\/wp-json\/wp\/v2\/pages\/13\/revisions\/563"}],"wp:attachment":[{"href":"https:\/\/karademircizel.com\/index.php\/wp-json\/wp\/v2\/media?parent=13"}],"curies":[{"name":"wp","href":"https:\/\/api.w.org\/{rel}","templated":true}]}}